{"id":5371,"date":"2025-09-26T01:06:25","date_gmt":"2025-09-26T01:06:25","guid":{"rendered":"https:\/\/nil4web.com\/?page_id=5371"},"modified":"2025-10-17T08:10:40","modified_gmt":"2025-10-17T08:10:40","slug":"servicii","status":"publish","type":"page","link":"https:\/\/nil4web.com\/en\/servicii\/","title":{"rendered":"Services"},"content":{"rendered":"<div data-elementor-type=\"wp-page\" data-elementor-id=\"5371\" class=\"elementor elementor-5371\" data-elementor-post-type=\"page\">\n\t\t\t\t\t\t<section class=\"elementor-section elementor-top-section elementor-element elementor-element-fe92952 elementor-section-boxed elementor-section-height-default elementor-section-height-default\" data-id=\"fe92952\" data-element_type=\"section\">\n\t\t\t\t\t\t<div class=\"elementor-container elementor-column-gap-default\">\n\t\t\t\t\t<div class=\"elementor-column elementor-col-100 elementor-top-column elementor-element elementor-element-16b9375\" data-id=\"16b9375\" data-element_type=\"column\">\n\t\t\t<div class=\"elementor-widget-wrap elementor-element-populated\">\n\t\t\t\t\t\t<div class=\"elementor-element elementor-element-e8335e0 rainbow-title-1 elementor-widget elementor-widget-rainbow-title\" data-id=\"e8335e0\" data-element_type=\"widget\" data-widget_type=\"rainbow-title.default\">\n\t\t\t\t<div class=\"elementor-widget-container\">\n\t\t\t\t\t        <div class=\"section-title text-left\"\r\n             data-aos=\"fade-up\" data-aos-duration=\"500\" data-aos-delay=\"100\" data-aos-once=\"true\">\r\n                            <span class=\"subtitle sub-title\">Services<\/span>\r\n                                        <h1 class=\"title sec-title\">NIL4WEB Services<\/h1>\r\n                        <\/div>\r\n        \t\t\t\t<\/div>\n\t\t\t\t<\/div>\n\t\t\t\t<div class=\"elementor-element elementor-element-157075d elementor-widget elementor-widget-rainbow-services-repeater\" data-id=\"157075d\" data-element_type=\"widget\" data-widget_type=\"rainbow-services-repeater.default\">\n\t\t\t\t<div class=\"elementor-widget-container\">\n\t\t\t\t\t        <div class=\"row row--25 mt_md--10 mt_sm--10\">\r\n                            <div data-aos=\"fade-up\" data-aos-duration=\"500\" data-aos-delay=\"100\" data-aos-once=\"true\"\r\n                     class=\"mt--50 mt_md--30 mt_sm--30 col-lg-4 col-md-6 col-sm-6 col-12\">\r\n                    <div class=\"rn-service  elementor-repeater-item-f0d8163\">\r\n                        <div class=\"inner\">\r\n                            <div class=\"icon icon-box\">\r\n                                                                    <i class=\"rbt feather-monitor\"><\/i>                                                            <\/div>\r\n                            <div class=\"content\">\r\n                                <h4 class=\"title\"> Custom Website Development<\/h4>\r\n                                <p class=\"description\"> Business-focused design, easy to manage, and ready to scale.<\/p>\r\n                                                            <\/div>\r\n                        <\/div>\r\n                    <\/div>\r\n                <\/div>\r\n                            <div data-aos=\"fade-up\" data-aos-duration=\"500\" data-aos-delay=\"100\" data-aos-once=\"true\"\r\n                     class=\"mt--50 mt_md--30 mt_sm--30 col-lg-4 col-md-6 col-sm-6 col-12\">\r\n                    <div class=\"rn-service  elementor-repeater-item-edf2f94\">\r\n                        <div class=\"inner\">\r\n                            <div class=\"icon icon-box\">\r\n                                                                    <i class=\"rbt feather-check-circle\"><\/i>                                                            <\/div>\r\n                            <div class=\"content\">\r\n                                <h4 class=\"title\"> Domain and Hosting Setup<\/h4>\r\n                                <p class=\"description\"> We help you choose and configure the right domain, with fast and secure hosting.<\/p>\r\n                                                            <\/div>\r\n                        <\/div>\r\n                    <\/div>\r\n                <\/div>\r\n                            <div data-aos=\"fade-up\" data-aos-duration=\"500\" data-aos-delay=\"100\" data-aos-once=\"true\"\r\n                     class=\"mt--50 mt_md--30 mt_sm--30 col-lg-4 col-md-6 col-sm-6 col-12\">\r\n                    <div class=\"rn-service  elementor-repeater-item-06e011a\">\r\n                        <div class=\"inner\">\r\n                            <div class=\"icon icon-box\">\r\n                                                                    <i class=\"rbt feather-archive\"><\/i>                                                            <\/div>\r\n                            <div class=\"content\">\r\n                                <h4 class=\"title\"> In-house Hosting<\/h4>\r\n                                <p class=\"description\"> Stable and fast hosting without complications, directly through my service.<\/p>\r\n                                                            <\/div>\r\n                        <\/div>\r\n                    <\/div>\r\n                <\/div>\r\n                            <div data-aos=\"fade-up\" data-aos-duration=\"500\" data-aos-delay=\"100\" data-aos-once=\"true\"\r\n                     class=\"mt--50 mt_md--30 mt_sm--30 col-lg-4 col-md-6 col-sm-6 col-12\">\r\n                    <div class=\"rn-service  elementor-repeater-item-7e7065b\">\r\n                        <div class=\"inner\">\r\n                            <div class=\"icon icon-box\">\r\n                                                                    <i class=\"rbt feather-loader\"><\/i>                                                            <\/div>\r\n                            <div class=\"content\">\r\n                                <h4 class=\"title\"> Monthly\/Annual Maintenance<\/h4>\r\n                                <p class=\"description\"> Updates, backups, and continuous support for uninterrupted performance.<\/p>\r\n                                                            <\/div>\r\n                        <\/div>\r\n                    <\/div>\r\n                <\/div>\r\n                            <div data-aos=\"fade-up\" data-aos-duration=\"500\" data-aos-delay=\"100\" data-aos-once=\"true\"\r\n                     class=\"mt--50 mt_md--30 mt_sm--30 col-lg-4 col-md-6 col-sm-6 col-12\">\r\n                    <div class=\"rn-service  elementor-repeater-item-a21d37f\">\r\n                        <div class=\"inner\">\r\n                            <div class=\"icon icon-box\">\r\n                                                                    <i class=\"rbt feather-settings\"><\/i>                                                            <\/div>\r\n                            <div class=\"content\">\r\n                                <h4 class=\"title\"> Basic SEO Settings<\/h4>\r\n                                <p class=\"description\"> Optimized structure, correct titles and descriptions for visibility on Google.<\/p>\r\n                                                            <\/div>\r\n                        <\/div>\r\n                    <\/div>\r\n                <\/div>\r\n                            <div data-aos=\"fade-up\" data-aos-duration=\"500\" data-aos-delay=\"100\" data-aos-once=\"true\"\r\n                     class=\"mt--50 mt_md--30 mt_sm--30 col-lg-4 col-md-6 col-sm-6 col-12\">\r\n                    <div class=\"rn-service  elementor-repeater-item-0b5ca39\">\r\n                        <div class=\"inner\">\r\n                            <div class=\"icon icon-box\">\r\n                                                                    <i class=\"rbt feather-fast-forward\"><\/i>                                                            <\/div>\r\n                            <div class=\"content\">\r\n                                <h4 class=\"title\"> Standard Speed Optimization<\/h4>\r\n                                <p class=\"description\"> Efficient setup for fast loading and a smooth user experience.<\/p>\r\n                                                            <\/div>\r\n                        <\/div>\r\n                    <\/div>\r\n                <\/div>\r\n                    <\/div>\r\n        \t\t\t\t<\/div>\n\t\t\t\t<\/div>\n\t\t\t\t\t<\/div>\n\t\t<\/div>\n\t\t\t\t\t<\/div>\n\t\t<\/section>\n\t\t\t\t<section class=\"elementor-section elementor-top-section elementor-element elementor-element-e9b09f4 elementor-section-boxed elementor-section-height-default elementor-section-height-default\" data-id=\"e9b09f4\" data-element_type=\"section\">\n\t\t\t\t\t\t<div class=\"elementor-container elementor-column-gap-default\">\n\t\t\t\t\t<div class=\"elementor-column elementor-col-100 elementor-top-column elementor-element elementor-element-3731b58\" data-id=\"3731b58\" data-element_type=\"column\">\n\t\t\t<div class=\"elementor-widget-wrap elementor-element-populated\">\n\t\t\t\t\t\t<section class=\"elementor-section elementor-inner-section elementor-element elementor-element-666c177 elementor-section-full_width elementor-section-height-default elementor-section-height-default\" data-id=\"666c177\" data-element_type=\"section\" data-settings=\"{&quot;background_background&quot;:&quot;classic&quot;}\">\n\t\t\t\t\t\t\t<div class=\"elementor-background-overlay\"><\/div>\n\t\t\t\t\t\t\t<div class=\"elementor-container elementor-column-gap-default\">\n\t\t\t\t\t<div class=\"elementor-column elementor-col-100 elementor-inner-column elementor-element elementor-element-e28fd36\" data-id=\"e28fd36\" data-element_type=\"column\">\n\t\t\t<div class=\"elementor-widget-wrap elementor-element-populated\">\n\t\t\t\t\t\t<div class=\"elementor-element elementor-element-96cba02 elementor-widget elementor-widget-heading\" data-id=\"96cba02\" data-element_type=\"widget\" data-widget_type=\"heading.default\">\n\t\t\t\t\t<h2 class=\"elementor-heading-title elementor-size-default\">Contact\n<br>NIL4WEB<\/h2>\t\t\t\t<\/div>\n\t\t\t\t<div class=\"elementor-element elementor-element-f00dd30 elementor-widget elementor-widget-text-editor\" data-id=\"f00dd30\" data-element_type=\"widget\" data-widget_type=\"text-editor.default\">\n\t\t\t\t\t\t\t\t\t<p>Tell us what you need and we will offer the right digital solution.<\/p>\t\t\t\t\t\t\t\t<\/div>\n\t\t\t\t<div class=\"elementor-element elementor-element-08665ad elementor-widget elementor-widget-rb-button\" data-id=\"08665ad\" data-element_type=\"widget\" data-widget_type=\"rb-button.default\">\n\t\t\t\t<div class=\"elementor-widget-container\">\n\t\t\t\t\t\r\n            <div class=\"button-group text-left\">\r\n                <a class=\"rn-btn rbbtn rn-single btn-large  shadow-none\" href=\"tel:+37368589852\"> Contact us<\/a>            <\/div>\r\n\r\n            \t\t\t\t<\/div>\n\t\t\t\t<\/div>\n\t\t\t\t\t<\/div>\n\t\t<\/div>\n\t\t\t\t\t<\/div>\n\t\t<\/section>\n\t\t\t\t\t<\/div>\n\t\t<\/div>\n\t\t\t\t\t<\/div>\n\t\t<\/section>\n\t\t\t\t<\/div>","protected":false},"excerpt":{"rendered":"<p>Servicii Servicii NIL4WEB Creare site-uri web personalizate Design adaptat afacerii tale, u\u0219or de administrat \u0219i preg\u0103tit pentru cre\u0219tere. Conectare domeniu \u0219i hosting Alegem \u0219i configur\u0103m domeniul potrivit, cu hosting activat rapid \u0219i sigur. Hosting propriu G\u0103zduire stabil\u0103 \u0219i rapid\u0103, f\u0103r\u0103 complica\u021bii, direct prin serviciul meu. Mentenan\u021b\u0103 lunar\u0103\/anual\u0103 Actualiz\u0103ri, backup-uri \u0219i suport continuu pentru func\u021bionare f\u0103r\u0103 [&hellip;]<\/p>","protected":false},"author":2,"featured_media":5356,"parent":0,"menu_order":0,"comment_status":"closed","ping_status":"closed","template":"elementor_header_footer","meta":{"_acf_changed":false,"footnotes":""},"class_list":["post-5371","page","type-page","status-publish","has-post-thumbnail","hentry"],"acf":[],"yoast_head":"<!-- This site is optimized with the Yoast SEO plugin v26.1.1 - https:\/\/yoast.com\/wordpress\/plugins\/seo\/ -->\n<title>NIL4WEB - Servicii de creare site web personalizat pentru afacerea ta<\/title>\n<meta name=\"description\" content=\"Vrei s\u0103-\u021bi prezin\u021bi serviciile mai bine \u0219i s\u0103 atragi mai mul\u021bi clien\u021bi? Noi construim pentru tine un site modern, optimizat \u0219i gata s\u0103 v\u00e2nd\u0103.\" \/>\n<meta name=\"robots\" content=\"index, follow, max-snippet:-1, max-image-preview:large, max-video-preview:-1\" \/>\n<link rel=\"canonical\" href=\"https:\/\/nil4web.com\/en\/servicii\/\" \/>\n<meta property=\"og:locale\" content=\"en_US\" \/>\n<meta property=\"og:type\" content=\"article\" \/>\n<meta property=\"og:title\" content=\"NIL4WEB - Creare site web personalizat pentru afacerea ta\" \/>\n<meta property=\"og:description\" content=\"Vrei s\u0103-\u021bi prezin\u021bi serviciile mai bine \u0219i s\u0103 atragi mai mul\u021bi clien\u021bi? Noi construim pentru tine un site modern, optimizat \u0219i gata s\u0103 v\u00e2nd\u0103.\" \/>\n<meta property=\"og:url\" content=\"https:\/\/nil4web.com\/en\/servicii\/\" \/>\n<meta property=\"og:site_name\" content=\"NIL4WEB\" \/>\n<meta property=\"article:publisher\" content=\"https:\/\/www.facebook.com\/nil4web\" \/>\n<meta property=\"article:modified_time\" content=\"2025-10-17T08:10:40+00:00\" \/>\n<meta property=\"og:image\" content=\"https:\/\/nil4web.com\/wp-content\/uploads\/2025\/09\/Logo-NL-4.jpg\" \/>\n\t<meta property=\"og:image:width\" content=\"1200\" \/>\n\t<meta property=\"og:image:height\" content=\"1200\" \/>\n\t<meta property=\"og:image:type\" content=\"image\/jpeg\" \/>\n<meta name=\"twitter:card\" content=\"summary_large_image\" \/>\n<meta name=\"twitter:label1\" content=\"Est. reading time\" \/>\n\t<meta name=\"twitter:data1\" content=\"1 minute\" \/>\n<script type=\"application\/ld+json\" class=\"yoast-schema-graph\">{\"@context\":\"https:\/\/schema.org\",\"@graph\":[{\"@type\":\"WebPage\",\"@id\":\"https:\/\/nil4web.com\/servicii\/\",\"url\":\"https:\/\/nil4web.com\/servicii\/\",\"name\":\"NIL4WEB - Servicii de creare site web personalizat pentru afacerea ta\",\"isPartOf\":{\"@id\":\"https:\/\/nil4web.com\/#website\"},\"primaryImageOfPage\":{\"@id\":\"https:\/\/nil4web.com\/servicii\/#primaryimage\"},\"image\":{\"@id\":\"https:\/\/nil4web.com\/servicii\/#primaryimage\"},\"thumbnailUrl\":\"https:\/\/nil4web.com\/wp-content\/uploads\/2025\/09\/Logo-NL-4.jpg\",\"datePublished\":\"2025-09-26T01:06:25+00:00\",\"dateModified\":\"2025-10-17T08:10:40+00:00\",\"description\":\"Vrei s\u0103-\u021bi prezin\u021bi serviciile mai bine \u0219i s\u0103 atragi mai mul\u021bi clien\u021bi? Noi construim pentru tine un site modern, optimizat \u0219i gata s\u0103 v\u00e2nd\u0103.\",\"breadcrumb\":{\"@id\":\"https:\/\/nil4web.com\/servicii\/#breadcrumb\"},\"inLanguage\":\"en-US\",\"potentialAction\":[{\"@type\":\"ReadAction\",\"target\":[\"https:\/\/nil4web.com\/servicii\/\"]}]},{\"@type\":\"ImageObject\",\"inLanguage\":\"en-US\",\"@id\":\"https:\/\/nil4web.com\/servicii\/#primaryimage\",\"url\":\"https:\/\/nil4web.com\/wp-content\/uploads\/2025\/09\/Logo-NL-4.jpg\",\"contentUrl\":\"https:\/\/nil4web.com\/wp-content\/uploads\/2025\/09\/Logo-NL-4.jpg\",\"width\":1200,\"height\":1200},{\"@type\":\"BreadcrumbList\",\"@id\":\"https:\/\/nil4web.com\/servicii\/#breadcrumb\",\"itemListElement\":[{\"@type\":\"ListItem\",\"position\":1,\"name\":\"Home\",\"item\":\"https:\/\/nil4web.com\/\"},{\"@type\":\"ListItem\",\"position\":2,\"name\":\"Servicii\"}]},{\"@type\":\"WebSite\",\"@id\":\"https:\/\/nil4web.com\/#website\",\"url\":\"https:\/\/nil4web.com\/\",\"name\":\"NIL4WEB\",\"description\":\"Creare site-uri web personalizate\",\"publisher\":{\"@id\":\"https:\/\/nil4web.com\/#organization\"},\"potentialAction\":[{\"@type\":\"SearchAction\",\"target\":{\"@type\":\"EntryPoint\",\"urlTemplate\":\"https:\/\/nil4web.com\/?s={search_term_string}\"},\"query-input\":{\"@type\":\"PropertyValueSpecification\",\"valueRequired\":true,\"valueName\":\"search_term_string\"}}],\"inLanguage\":\"en-US\"},{\"@type\":\"Organization\",\"@id\":\"https:\/\/nil4web.com\/#organization\",\"name\":\"NIL4WEB\",\"url\":\"https:\/\/nil4web.com\/\",\"logo\":{\"@type\":\"ImageObject\",\"inLanguage\":\"en-US\",\"@id\":\"https:\/\/nil4web.com\/#\/schema\/logo\/image\/\",\"url\":\"https:\/\/nil4web.com\/wp-content\/uploads\/2025\/09\/Logo-NL-4.jpg\",\"contentUrl\":\"https:\/\/nil4web.com\/wp-content\/uploads\/2025\/09\/Logo-NL-4.jpg\",\"width\":1200,\"height\":1200,\"caption\":\"NIL4WEB\"},\"image\":{\"@id\":\"https:\/\/nil4web.com\/#\/schema\/logo\/image\/\"},\"sameAs\":[\"https:\/\/www.facebook.com\/nil4web\",\"https:\/\/instagram.com\/nil4web\",\"https:\/\/www.tiktok.com\/@nil4web\"]}]}<\/script>\n<!-- \/ Yoast SEO plugin. -->","yoast_head_json":{"title":"NIL4WEB - Servicii de creare site web personalizat pentru afacerea ta","description":"Vrei s\u0103-\u021bi prezin\u021bi serviciile mai bine \u0219i s\u0103 atragi mai mul\u021bi clien\u021bi? Noi construim pentru tine un site modern, optimizat \u0219i gata s\u0103 v\u00e2nd\u0103.","robots":{"index":"index","follow":"follow","max-snippet":"max-snippet:-1","max-image-preview":"max-image-preview:large","max-video-preview":"max-video-preview:-1"},"canonical":"https:\/\/nil4web.com\/en\/servicii\/","og_locale":"en_US","og_type":"article","og_title":"NIL4WEB - Creare site web personalizat pentru afacerea ta","og_description":"Vrei s\u0103-\u021bi prezin\u021bi serviciile mai bine \u0219i s\u0103 atragi mai mul\u021bi clien\u021bi? Noi construim pentru tine un site modern, optimizat \u0219i gata s\u0103 v\u00e2nd\u0103.","og_url":"https:\/\/nil4web.com\/en\/servicii\/","og_site_name":"NIL4WEB","article_publisher":"https:\/\/www.facebook.com\/nil4web","article_modified_time":"2025-10-17T08:10:40+00:00","og_image":[{"width":1200,"height":1200,"url":"https:\/\/nil4web.com\/wp-content\/uploads\/2025\/09\/Logo-NL-4.jpg","type":"image\/jpeg"}],"twitter_card":"summary_large_image","twitter_misc":{"Est. reading time":"1 minute"},"schema":{"@context":"https:\/\/schema.org","@graph":[{"@type":"WebPage","@id":"https:\/\/nil4web.com\/servicii\/","url":"https:\/\/nil4web.com\/servicii\/","name":"NIL4WEB - Servicii de creare site web personalizat pentru afacerea ta","isPartOf":{"@id":"https:\/\/nil4web.com\/#website"},"primaryImageOfPage":{"@id":"https:\/\/nil4web.com\/servicii\/#primaryimage"},"image":{"@id":"https:\/\/nil4web.com\/servicii\/#primaryimage"},"thumbnailUrl":"https:\/\/nil4web.com\/wp-content\/uploads\/2025\/09\/Logo-NL-4.jpg","datePublished":"2025-09-26T01:06:25+00:00","dateModified":"2025-10-17T08:10:40+00:00","description":"Vrei s\u0103-\u021bi prezin\u021bi serviciile mai bine \u0219i s\u0103 atragi mai mul\u021bi clien\u021bi? Noi construim pentru tine un site modern, optimizat \u0219i gata s\u0103 v\u00e2nd\u0103.","breadcrumb":{"@id":"https:\/\/nil4web.com\/servicii\/#breadcrumb"},"inLanguage":"en-US","potentialAction":[{"@type":"ReadAction","target":["https:\/\/nil4web.com\/servicii\/"]}]},{"@type":"ImageObject","inLanguage":"en-US","@id":"https:\/\/nil4web.com\/servicii\/#primaryimage","url":"https:\/\/nil4web.com\/wp-content\/uploads\/2025\/09\/Logo-NL-4.jpg","contentUrl":"https:\/\/nil4web.com\/wp-content\/uploads\/2025\/09\/Logo-NL-4.jpg","width":1200,"height":1200},{"@type":"BreadcrumbList","@id":"https:\/\/nil4web.com\/servicii\/#breadcrumb","itemListElement":[{"@type":"ListItem","position":1,"name":"Home","item":"https:\/\/nil4web.com\/"},{"@type":"ListItem","position":2,"name":"Servicii"}]},{"@type":"WebSite","@id":"https:\/\/nil4web.com\/#website","url":"https:\/\/nil4web.com\/","name":"NIL4WEB","description":"Custom Website Development","publisher":{"@id":"https:\/\/nil4web.com\/#organization"},"potentialAction":[{"@type":"SearchAction","target":{"@type":"EntryPoint","urlTemplate":"https:\/\/nil4web.com\/?s={search_term_string}"},"query-input":{"@type":"PropertyValueSpecification","valueRequired":true,"valueName":"search_term_string"}}],"inLanguage":"en-US"},{"@type":"Organization","@id":"https:\/\/nil4web.com\/#organization","name":"NIL4WEB","url":"https:\/\/nil4web.com\/","logo":{"@type":"ImageObject","inLanguage":"en-US","@id":"https:\/\/nil4web.com\/#\/schema\/logo\/image\/","url":"https:\/\/nil4web.com\/wp-content\/uploads\/2025\/09\/Logo-NL-4.jpg","contentUrl":"https:\/\/nil4web.com\/wp-content\/uploads\/2025\/09\/Logo-NL-4.jpg","width":1200,"height":1200,"caption":"NIL4WEB"},"image":{"@id":"https:\/\/nil4web.com\/#\/schema\/logo\/image\/"},"sameAs":["https:\/\/www.facebook.com\/nil4web","https:\/\/instagram.com\/nil4web","https:\/\/www.tiktok.com\/@nil4web"]}]}},"_links":{"self":[{"href":"https:\/\/nil4web.com\/en\/wp-json\/wp\/v2\/pages\/5371","targetHints":{"allow":["GET"]}}],"collection":[{"href":"https:\/\/nil4web.com\/en\/wp-json\/wp\/v2\/pages"}],"about":[{"href":"https:\/\/nil4web.com\/en\/wp-json\/wp\/v2\/types\/page"}],"author":[{"embeddable":true,"href":"https:\/\/nil4web.com\/en\/wp-json\/wp\/v2\/users\/2"}],"replies":[{"embeddable":true,"href":"https:\/\/nil4web.com\/en\/wp-json\/wp\/v2\/comments?post=5371"}],"version-history":[{"count":48,"href":"https:\/\/nil4web.com\/en\/wp-json\/wp\/v2\/pages\/5371\/revisions"}],"predecessor-version":[{"id":6181,"href":"https:\/\/nil4web.com\/en\/wp-json\/wp\/v2\/pages\/5371\/revisions\/6181"}],"wp:featuredmedia":[{"embeddable":true,"href":"https:\/\/nil4web.com\/en\/wp-json\/wp\/v2\/media\/5356"}],"wp:attachment":[{"href":"https:\/\/nil4web.com\/en\/wp-json\/wp\/v2\/media?parent=5371"}],"curies":[{"name":"wp","href":"https:\/\/api.w.org\/{rel}","templated":true}]}}