{"id":5368,"date":"2025-09-26T01:05:16","date_gmt":"2025-09-26T01:05:16","guid":{"rendered":"https:\/\/nil4web.com\/?page_id=5368"},"modified":"2025-10-17T08:10:39","modified_gmt":"2025-10-17T08:10:39","slug":"contacte","status":"publish","type":"page","link":"https:\/\/nil4web.com\/ru\/contacte\/","title":{"rendered":"\u041a\u043e\u043d\u0442\u0430\u043a\u0442\u044b"},"content":{"rendered":"<div data-elementor-type=\"wp-page\" data-elementor-id=\"5368\" class=\"elementor elementor-5368\" data-elementor-post-type=\"page\">\n\t\t\t\t\t\t<section class=\"elementor-section elementor-top-section elementor-element elementor-element-573925c elementor-section-full_width elementor-section-height-default elementor-section-height-default\" data-id=\"573925c\" data-element_type=\"section\">\n\t\t\t\t\t\t<div class=\"elementor-container elementor-column-gap-no\">\n\t\t\t\t\t<div class=\"elementor-column elementor-col-100 elementor-top-column elementor-element elementor-element-f56dc5b\" data-id=\"f56dc5b\" data-element_type=\"column\">\n\t\t\t<div class=\"elementor-widget-wrap elementor-element-populated\">\n\t\t\t\t\t\t<section class=\"elementor-section elementor-inner-section elementor-element elementor-element-4efcf6a elementor-section-boxed elementor-section-height-default elementor-section-height-default\" data-id=\"4efcf6a\" data-element_type=\"section\">\n\t\t\t\t\t\t<div class=\"elementor-container elementor-column-gap-default\">\n\t\t\t\t\t<div class=\"elementor-column elementor-col-33 elementor-inner-column elementor-element elementor-element-aeb95a1\" data-id=\"aeb95a1\" data-element_type=\"column\">\n\t\t\t<div class=\"elementor-widget-wrap elementor-element-populated\">\n\t\t\t\t\t\t<div class=\"elementor-element elementor-element-e0d4da0 elementor-widget elementor-widget-rainbow-contact-info\" data-id=\"e0d4da0\" data-element_type=\"widget\" data-widget_type=\"rainbow-contact-info.default\">\n\t\t\t\t<div class=\"elementor-widget-container\">\n\t\t\t\t\t        <div class=\"contact-about-area\">\r\n            <div class=\"thumbnail\">\r\n                <img fetchpriority=\"high\" decoding=\"async\" width=\"427\" height=\"427\" src=\"https:\/\/nil4web.com\/wp-content\/uploads\/2025\/10\/laptop-1842297_640-e1759382029444.jpg\" class=\"attachment-large size-large wp-image-6055\" alt=\"\" srcset=\"https:\/\/nil4web.com\/wp-content\/uploads\/2025\/10\/laptop-1842297_640-e1759382029444.jpg 427w, https:\/\/nil4web.com\/wp-content\/uploads\/2025\/10\/laptop-1842297_640-e1759382029444-300x300.jpg 300w, https:\/\/nil4web.com\/wp-content\/uploads\/2025\/10\/laptop-1842297_640-e1759382029444-150x150.jpg 150w, https:\/\/nil4web.com\/wp-content\/uploads\/2025\/10\/laptop-1842297_640-e1759382029444-400x400.jpg 400w\" sizes=\"(max-width: 427px) 100vw, 427px\" \/>            <\/div>\r\n            <div class=\"title-area\">\r\n                <h4 class=\"title\">\u041a\u043e\u043d\u0442\u0430\u043a\u0442\u044b NIL4WEB<\/h4>\r\n                <span>\u041e\u0442\u043f\u0440\u0430\u0432\u044c\u0442\u0435 \u0437\u0430\u043f\u0440\u043e\u0441 \u043d\u0430 \u0440\u0430\u0437\u0440\u0430\u0431\u043e\u0442\u043a\u0443 \u0441\u0430\u0439\u0442\u0430<\/span>\r\n            <\/div>\r\n            <div class=\"description\">\r\n                <p>\r\n                    \u0420\u0430\u0441\u0441\u043a\u0430\u0436\u0438\u0442\u0435, \u0447\u0442\u043e \u0432\u0430\u043c \u043d\u0443\u0436\u043d\u043e, \u0438 \u043c\u044b \u043f\u0440\u0435\u0434\u043b\u043e\u0436\u0438\u043c \u043f\u043e\u0434\u0445\u043e\u0434\u044f\u0449\u0435\u0435 \u0446\u0438\u0444\u0440\u043e\u0432\u043e\u0435 \u0440\u0435\u0448\u0435\u043d\u0438\u0435.                <\/p>\r\n                                <span class=\"phone\">\u0422\u0435\u043b\u0435\u0444\u043e\u043d: <a\r\n                            href=\"tel:+37368589852\">+37368589852<\/a><\/span>\r\n                                                <span class=\"mail\">\u041f\u043e\u0447\u0442\u0430 <a\r\n                            href=\"mailto:contact@nil4web.com\">contact@nil4web.com<\/a><\/span>\r\n                            <\/div>\r\n\r\n            <div class=\"social-area\">\r\n                                    <div class=\"name\">\u041c\u044b \u0442\u0430\u043a\u0436\u0435 \u0434\u043e\u0441\u0442\u0443\u043f\u043d\u044b \u0432 \u0441\u043e\u0446\u0438\u0430\u043b\u044c\u043d\u044b\u0445 \u0441\u0435\u0442\u044f\u0445 NIL4WEB:<\/div>\r\n                \r\n                <div class=\"social-icone skill-share no_has_Shadow\">\r\n                    \r\n\r\n                        <a href=\"https:\/\/www.facebook.com\/nil4web\"  target=\"_blank\" title=\"facebook.\">\r\n                                                            <svg class=\"e-font-icon-svg e-fab-facebook\" viewbox=\"0 0 512 512\" xmlns=\"http:\/\/www.w3.org\/2000\/svg\"><path d=\"M504 256C504 119 393 8 256 8S8 119 8 256c0 123.78 90.69 226.38 209.25 245V327.69h-63V256h63v-54.64c0-62.15 37-96.48 93.67-96.48 27.14 0 55.52 4.84 55.52 4.84v61h-31.28c-30.8 0-40.41 19.12-40.41 38.73V256h68.78l-11 71.69h-57.78V501C413.31 482.38 504 379.78 504 256z\"><\/path><\/svg>                                                    <\/a>\r\n\r\n\r\n                    \r\n\r\n                        <a href=\"https:\/\/instagram.com\/nil4web\"  target=\"_blank\" title=\"instagram.\">\r\n                                                            <svg class=\"e-font-icon-svg e-fab-instagram\" viewbox=\"0 0 448 512\" xmlns=\"http:\/\/www.w3.org\/2000\/svg\"><path d=\"M224.1 141c-63.6 0-114.9 51.3-114.9 114.9s51.3 114.9 114.9 114.9S339 319.5 339 255.9 287.7 141 224.1 141zm0 189.6c-41.1 0-74.7-33.5-74.7-74.7s33.5-74.7 74.7-74.7 74.7 33.5 74.7 74.7-33.6 74.7-74.7 74.7zm146.4-194.3c0 14.9-12 26.8-26.8 26.8-14.9 0-26.8-12-26.8-26.8s12-26.8 26.8-26.8 26.8 12 26.8 26.8zm76.1 27.2c-1.7-35.9-9.9-67.7-36.2-93.9-26.2-26.2-58-34.4-93.9-36.2-37-2.1-147.9-2.1-184.9 0-35.8 1.7-67.6 9.9-93.9 36.1s-34.4 58-36.2 93.9c-2.1 37-2.1 147.9 0 184.9 1.7 35.9 9.9 67.7 36.2 93.9s58 34.4 93.9 36.2c37 2.1 147.9 2.1 184.9 0 35.9-1.7 67.7-9.9 93.9-36.2 26.2-26.2 34.4-58 36.2-93.9 2.1-37 2.1-147.8 0-184.8zM398.8 388c-7.8 19.6-22.9 34.7-42.6 42.6-29.5 11.7-99.5 9-132.1 9s-102.7 2.6-132.1-9c-19.6-7.8-34.7-22.9-42.6-42.6-11.7-29.5-9-99.5-9-132.1s-2.6-102.7 9-132.1c7.8-19.6 22.9-34.7 42.6-42.6 29.5-11.7 99.5-9 132.1-9s102.7-2.6 132.1 9c19.6 7.8 34.7 22.9 42.6 42.6 11.7 29.5 9 99.5 9 132.1s2.7 102.7-9 132.1z\"><\/path><\/svg>                                                    <\/a>\r\n\r\n\r\n                    \r\n\r\n                        <a href=\"https:\/\/t.me\/nil4web\"  target=\"_blank\" title=\"telegram.\">\r\n                                                            <svg class=\"e-font-icon-svg e-fab-telegram\" viewbox=\"0 0 496 512\" xmlns=\"http:\/\/www.w3.org\/2000\/svg\"><path d=\"M248 8C111 8 0 119 0 256s111 248 248 248 248-111 248-248S385 8 248 8zm121.8 169.9l-40.7 191.8c-3 13.6-11.1 16.9-22.4 10.5l-62-45.7-29.9 28.8c-3.3 3.3-6.1 6.1-12.5 6.1l4.4-63.1 114.9-103.8c5-4.4-1.1-6.9-7.7-2.5l-142 89.4-61.2-19.1c-13.3-4.2-13.6-13.3 2.8-19.7l239.1-92.2c11.1-4 20.8 2.7 17.2 19.5z\"><\/path><\/svg>                                                    <\/a>\r\n\r\n\r\n                                    <\/div>\r\n            <\/div>\r\n        <\/div>\r\n\r\n        \t\t\t\t<\/div>\n\t\t\t\t<\/div>\n\t\t\t\t\t<\/div>\n\t\t<\/div>\n\t\t\t\t<div class=\"elementor-column elementor-col-66 elementor-inner-column elementor-element elementor-element-70a2dc7\" data-id=\"70a2dc7\" data-element_type=\"column\">\n\t\t\t<div class=\"elementor-widget-wrap elementor-element-populated\">\n\t\t\t\t\t\t<div class=\"elementor-element elementor-element-aa0af19 rainbow-title-1 elementor-widget elementor-widget-rainbow-title\" data-id=\"aa0af19\" data-element_type=\"widget\" data-widget_type=\"rainbow-title.default\">\n\t\t\t\t<div class=\"elementor-widget-container\">\n\t\t\t\t\t        <div class=\"section-title text-center\"\r\n             data-aos=\"fade-up\" data-aos-duration=\"500\" data-aos-delay=\"100\" data-aos-once=\"true\">\r\n                            <span class=\"subtitle sub-title\">\u0417\u0430\u043f\u043e\u043b\u043d\u0438\u0442\u0435 \u0444\u043e\u0440\u043c\u0443, \u0438 \u043c\u044b \u0441\u0432\u044f\u0436\u0435\u043c\u0441\u044f \u0441 \u0432\u0430\u043c\u0438 \u0432 \u0431\u043b\u0438\u0436\u0430\u0439\u0448\u0435\u0435 \u0432\u0440\u0435\u043c\u044f.<\/span>\r\n                                        <h1 class=\"title sec-title\">\u041a\u043e\u043d\u0442\u0430\u043a\u0442\u044b NIL4WEB<\/h1>\r\n                        <\/div>\r\n        \t\t\t\t<\/div>\n\t\t\t\t<\/div>\n\t\t\t\t<div class=\"elementor-element elementor-element-e5b0fee elementor-widget elementor-widget-shortcode\" data-id=\"e5b0fee\" data-element_type=\"widget\" data-widget_type=\"shortcode.default\">\n\t\t\t\t\t\t\t<div class=\"elementor-shortcode\">\n<div class=\"wpcf7 no-js\" id=\"wpcf7-f6-o1\" lang=\"en-US\" dir=\"ltr\" data-wpcf7-id=\"6\">\n<div class=\"screen-reader-response\"><p role=\"status\" aria-live=\"polite\" aria-atomic=\"true\"><\/p> <ul><\/ul><\/div>\n<form action=\"\/ru\/wp-json\/wp\/v2\/pages\/5368#wpcf7-f6-o1\" method=\"post\" class=\"wpcf7-form init\" aria-label=\"Contact form\" novalidate=\"novalidate\" data-status=\"init\" data-trp-original-action=\"\/ru\/wp-json\/wp\/v2\/pages\/5368#wpcf7-f6-o1\">\n<fieldset class=\"hidden-fields-container\"><input type=\"hidden\" name=\"_wpcf7\" value=\"6\" \/><input type=\"hidden\" name=\"_wpcf7_version\" value=\"6.1.2\" \/><input type=\"hidden\" name=\"_wpcf7_locale\" value=\"en_US\" \/><input type=\"hidden\" name=\"_wpcf7_unit_tag\" value=\"wpcf7-f6-o1\" \/><input type=\"hidden\" name=\"_wpcf7_container_post\" value=\"0\" \/><input type=\"hidden\" name=\"_wpcf7_posted_data_hash\" value=\"\" \/><input type=\"hidden\" name=\"_wpcf7_recaptcha_response\" value=\"\" \/>\n<\/fieldset>\n<div class=\"contact-form-wrapper\">\n\t<div class=\"introduce\">\n\t\t<div class=\"rnt-contact-form rwt-dynamic-form row\">\n\t\t\t<div class=\"col-lg-12\">\n\t\t\t<div class=\"wpcf7-response-output\" aria-hidden=\"true\"><\/div>\n\t\t\t<\/div>\n\t\t\t<div class=\"col-lg-6\">\n\t\t\t\t<div class=\"form-group\">\n\t\t\t\t\t<p><label for=\"contact-name\">\u0418\u043c\u044f<\/label><span class=\"wpcf7-form-control-wrap\" data-name=\"your-name\"><input size=\"40\" maxlength=\"400\" class=\"wpcf7-form-control wpcf7-text form-control form-control-lg\" id=\"contact-name\" aria-invalid=\"false\" value=\"\" type=\"text\" name=\"your-name\" \/><\/span>\n\t\t\t\t\t<\/p>\n\t\t\t\t<\/div>\n\t\t\t<\/div>\n\t\t\t<div class=\"col-lg-6\">\n\t\t\t\t<div class=\"form-group\">\n\t\t\t\t\t<p><label for=\"contact-phone\">\u0422\u0435\u043b\u0435\u0444\u043e\u043d<\/label><span class=\"wpcf7-form-control-wrap\" data-name=\"your-phone\"><input size=\"40\" maxlength=\"400\" class=\"wpcf7-form-control wpcf7-text form-control\" id=\"contact-phone\" aria-invalid=\"false\" value=\"\" type=\"text\" name=\"your-phone\" \/><\/span>\n\t\t\t\t\t<\/p>\n\t\t\t\t<\/div>\n\t\t\t<\/div>\n\t\t\t<div class=\"col-lg-12\">\n\t\t\t\t<div class=\"form-group\">\n\t\t\t\t\t<p><label for=\"contact-email\">\u041f\u043e\u0447\u0442\u0430<\/label><span class=\"wpcf7-form-control-wrap\" data-name=\"your-email\"><input size=\"40\" maxlength=\"400\" class=\"wpcf7-form-control wpcf7-email wpcf7-validates-as-required wpcf7-text wpcf7-validates-as-email form-control form-control-sm\" id=\"contact-email\" aria-required=\"true\" aria-invalid=\"false\" value=\"\" type=\"email\" name=\"your-email\" \/><\/span>\n\t\t\t\t\t<\/p>\n\t\t\t\t<\/div>\n\t\t\t<\/div>\n\t\t\t<div class=\"col-lg-12\">\n\t\t\t\t<div class=\"form-group\">\n\t\t\t\t\t<p><label for=\"contact-subject\">\u0422\u0435\u043c\u0430<\/label><span class=\"wpcf7-form-control-wrap\" data-name=\"your-subject\"><input size=\"40\" maxlength=\"400\" class=\"wpcf7-form-control wpcf7-text form-control form-control-sm\" id=\"contact-subject\" aria-invalid=\"false\" value=\"\" type=\"text\" name=\"your-subject\" \/><\/span>\n\t\t\t\t\t<\/p>\n\t\t\t\t<\/div>\n\t\t\t<\/div>\n\t\t\t<div class=\"col-lg-12\">\n\t\t\t\t<div class=\"form-group\">\n\t\t\t\t\t<p><label for=\"contact-message\">\u0421\u043e\u043e\u0431\u0449\u0435\u043d\u0438\u0435<\/label><span class=\"wpcf7-form-control-wrap\" data-name=\"your-message\"><textarea cols=\"40\" rows=\"10\" maxlength=\"2000\" class=\"wpcf7-form-control wpcf7-textarea\" id=\"contact-message\" aria-invalid=\"false\" name=\"your-message\"><\/textarea><\/span>\n\t\t\t\t\t<\/p>\n\t\t\t\t<\/div>\n\t\t\t<\/div>\n\t\t\t<div class=\"col-lg-12\">\n\t\t\t<div class=\"wpcf7-response-output\" aria-hidden=\"true\"><\/div>\n\t\t\t<\/div>\n\t\t\t<div class=\"col-lg-12\">\n\t\t\t\t<p><input class=\"wpcf7-form-control wpcf7-submit has-spinner rn-btn\" type=\"submit\" value=\"\u041e\u0442\u043f\u0440\u0430\u0432\u0438\u0442\u044c\" \/>\n\t\t\t\t<\/p>\n\t\t\t<\/div>\n\t\t<\/div>\n\t<\/div>\n<\/div>\n<input type=\"hidden\" name=\"trp-form-language\" value=\"ru\"\/><\/form>\n<\/div>\n<\/div>\n\t\t\t\t\t\t<\/div>\n\t\t\t\t\t<\/div>\n\t\t<\/div>\n\t\t\t\t\t<\/div>\n\t\t<\/section>\n\t\t\t\t\t<\/div>\n\t\t<\/div>\n\t\t\t\t\t<\/div>\n\t\t<\/section>\n\t\t\t\t<section class=\"elementor-section elementor-top-section elementor-element elementor-element-6ca4ba2 elementor-section-boxed elementor-section-height-default elementor-section-height-default\" data-id=\"6ca4ba2\" data-element_type=\"section\">\n\t\t\t\t\t\t<div class=\"elementor-container elementor-column-gap-default\">\n\t\t\t\t\t<div class=\"elementor-column elementor-col-100 elementor-top-column elementor-element elementor-element-d7ba4d7\" data-id=\"d7ba4d7\" data-element_type=\"column\">\n\t\t\t<div class=\"elementor-widget-wrap elementor-element-populated\">\n\t\t\t\t\t\t<section class=\"elementor-section elementor-inner-section elementor-element elementor-element-2a690f2 elementor-section-full_width elementor-section-height-default elementor-section-height-default\" data-id=\"2a690f2\" data-element_type=\"section\" data-settings=\"{&quot;background_background&quot;:&quot;classic&quot;}\">\n\t\t\t\t\t\t\t<div class=\"elementor-background-overlay\"><\/div>\n\t\t\t\t\t\t\t<div class=\"elementor-container elementor-column-gap-default\">\n\t\t\t\t\t<div class=\"elementor-column elementor-col-100 elementor-inner-column elementor-element elementor-element-4e84f96\" data-id=\"4e84f96\" data-element_type=\"column\">\n\t\t\t<div class=\"elementor-widget-wrap elementor-element-populated\">\n\t\t\t\t\t\t<div class=\"elementor-element elementor-element-cdbfb35 elementor-widget elementor-widget-heading\" data-id=\"cdbfb35\" data-element_type=\"widget\" data-widget_type=\"heading.default\">\n\t\t\t\t\t<h2 class=\"elementor-heading-title elementor-size-default\">\u0421\u0432\u044f\u0437\u0430\u0442\u044c\u0441\u044f \u0441\n<br>NIL4WEB<\/h2>\t\t\t\t<\/div>\n\t\t\t\t<div class=\"elementor-element elementor-element-74a3a9e elementor-widget elementor-widget-text-editor\" data-id=\"74a3a9e\" data-element_type=\"widget\" data-widget_type=\"text-editor.default\">\n\t\t\t\t\t\t\t\t\t<p>\u0420\u0430\u0441\u0441\u043a\u0430\u0436\u0438\u0442\u0435, \u0447\u0442\u043e \u0432\u0430\u043c \u043d\u0443\u0436\u043d\u043e, \u0438 \u043c\u044b \u043f\u0440\u0435\u0434\u043b\u043e\u0436\u0438\u043c \u043f\u043e\u0434\u0445\u043e\u0434\u044f\u0449\u0435\u0435 \u0446\u0438\u0444\u0440\u043e\u0432\u043e\u0435 \u0440\u0435\u0448\u0435\u043d\u0438\u0435.<\/p>\t\t\t\t\t\t\t\t<\/div>\n\t\t\t\t<div class=\"elementor-element elementor-element-60512db elementor-widget elementor-widget-rb-button\" data-id=\"60512db\" data-element_type=\"widget\" data-widget_type=\"rb-button.default\">\n\t\t\t\t<div class=\"elementor-widget-container\">\n\t\t\t\t\t\r\n            <div class=\"button-group text-left\">\r\n                <a class=\"rn-btn rbbtn rn-single btn-large  shadow-none\" href=\"tel:+37368589852\"> \u0421\u0432\u044f\u0437\u0430\u0442\u044c\u0441\u044f \u0441 \u043d\u0430\u043c\u0438<\/a>            <\/div>\r\n\r\n            \t\t\t\t<\/div>\n\t\t\t\t<\/div>\n\t\t\t\t\t<\/div>\n\t\t<\/div>\n\t\t\t\t\t<\/div>\n\t\t<\/section>\n\t\t\t\t\t<\/div>\n\t\t<\/div>\n\t\t\t\t\t<\/div>\n\t\t<\/section>\n\t\t\t\t<\/div>","protected":false},"excerpt":{"rendered":"<p>Contacte NIL4WEB Trimite cererea ta pentru site web Spune de ce ai nevoie \u0219i \u00ee\u021bi oferim o solu\u021bie digital\u0103 potrivit\u0103 Telefon: +37368589852 Email: contact@nil4web.com Ne pute\u021bi contacta \u0219i pe re\u021belele de socializare NIL4WEB: Completa\u021bi formularul \u0219i \u00een cel mai apropiat timp ve\u021bi fi contactat. Contacte NIL4WEB Contacteaz\u0103 NIL4WEB Spune de ce ai nevoie \u0219i \u00ee\u021bi [&hellip;]<\/p>","protected":false},"author":2,"featured_media":5356,"parent":0,"menu_order":0,"comment_status":"closed","ping_status":"closed","template":"elementor_header_footer","meta":{"_acf_changed":false,"footnotes":""},"class_list":["post-5368","page","type-page","status-publish","has-post-thumbnail","hentry"],"acf":[],"yoast_head":"<!-- This site is optimized with the Yoast SEO plugin v26.1.1 - https:\/\/yoast.com\/wordpress\/plugins\/seo\/ -->\n<title>NIL4WEB - Creare site web personalizat pentru afacerea ta - Contacte<\/title>\n<meta name=\"description\" content=\"Vrei s\u0103-\u021bi prezin\u021bi serviciile mai bine \u0219i s\u0103 atragi mai mul\u021bi clien\u021bi? Noi construim pentru tine un site modern, optimizat \u0219i gata s\u0103 v\u00e2nd\u0103.\" \/>\n<meta name=\"robots\" content=\"index, follow, max-snippet:-1, max-image-preview:large, max-video-preview:-1\" \/>\n<link rel=\"canonical\" href=\"https:\/\/nil4web.com\/ru\/contacte\/\" \/>\n<meta property=\"og:locale\" content=\"ru_RU\" \/>\n<meta property=\"og:type\" content=\"article\" \/>\n<meta property=\"og:title\" content=\"NIL4WEB - Creare site web personalizat pentru afacerea ta\" \/>\n<meta property=\"og:description\" content=\"Vrei s\u0103-\u021bi prezin\u021bi serviciile mai bine \u0219i s\u0103 atragi mai mul\u021bi clien\u021bi? Noi construim pentru tine un site modern, optimizat \u0219i gata s\u0103 v\u00e2nd\u0103.\" \/>\n<meta property=\"og:url\" content=\"https:\/\/nil4web.com\/ru\/contacte\/\" \/>\n<meta property=\"og:site_name\" content=\"NIL4WEB\" \/>\n<meta property=\"article:publisher\" content=\"https:\/\/www.facebook.com\/nil4web\" \/>\n<meta property=\"article:modified_time\" content=\"2025-10-17T08:10:39+00:00\" \/>\n<meta property=\"og:image\" content=\"https:\/\/nil4web.com\/wp-content\/uploads\/2025\/09\/Logo-NL-4.jpg\" \/>\n\t<meta property=\"og:image:width\" content=\"1200\" \/>\n\t<meta property=\"og:image:height\" content=\"1200\" \/>\n\t<meta property=\"og:image:type\" content=\"image\/jpeg\" \/>\n<meta name=\"twitter:card\" content=\"summary_large_image\" \/>\n<meta name=\"twitter:label1\" content=\"\u041f\u0440\u0438\u043c\u0435\u0440\u043d\u043e\u0435 \u0432\u0440\u0435\u043c\u044f \u0434\u043b\u044f \u0447\u0442\u0435\u043d\u0438\u044f\" \/>\n\t<meta name=\"twitter:data1\" content=\"1 \u043c\u0438\u043d\u0443\u0442\u0430\" \/>\n<script type=\"application\/ld+json\" class=\"yoast-schema-graph\">{\"@context\":\"https:\/\/schema.org\",\"@graph\":[{\"@type\":\"WebPage\",\"@id\":\"https:\/\/nil4web.com\/contacte\/\",\"url\":\"https:\/\/nil4web.com\/contacte\/\",\"name\":\"NIL4WEB - Creare site web personalizat pentru afacerea ta - Contacte\",\"isPartOf\":{\"@id\":\"https:\/\/nil4web.com\/#website\"},\"primaryImageOfPage\":{\"@id\":\"https:\/\/nil4web.com\/contacte\/#primaryimage\"},\"image\":{\"@id\":\"https:\/\/nil4web.com\/contacte\/#primaryimage\"},\"thumbnailUrl\":\"https:\/\/nil4web.com\/wp-content\/uploads\/2025\/09\/Logo-NL-4.jpg\",\"datePublished\":\"2025-09-26T01:05:16+00:00\",\"dateModified\":\"2025-10-17T08:10:39+00:00\",\"description\":\"Vrei s\u0103-\u021bi prezin\u021bi serviciile mai bine \u0219i s\u0103 atragi mai mul\u021bi clien\u021bi? Noi construim pentru tine un site modern, optimizat \u0219i gata s\u0103 v\u00e2nd\u0103.\",\"breadcrumb\":{\"@id\":\"https:\/\/nil4web.com\/contacte\/#breadcrumb\"},\"inLanguage\":\"ru-RU\",\"potentialAction\":[{\"@type\":\"ReadAction\",\"target\":[\"https:\/\/nil4web.com\/contacte\/\"]}]},{\"@type\":\"ImageObject\",\"inLanguage\":\"ru-RU\",\"@id\":\"https:\/\/nil4web.com\/contacte\/#primaryimage\",\"url\":\"https:\/\/nil4web.com\/wp-content\/uploads\/2025\/09\/Logo-NL-4.jpg\",\"contentUrl\":\"https:\/\/nil4web.com\/wp-content\/uploads\/2025\/09\/Logo-NL-4.jpg\",\"width\":1200,\"height\":1200},{\"@type\":\"BreadcrumbList\",\"@id\":\"https:\/\/nil4web.com\/contacte\/#breadcrumb\",\"itemListElement\":[{\"@type\":\"ListItem\",\"position\":1,\"name\":\"Home\",\"item\":\"https:\/\/nil4web.com\/\"},{\"@type\":\"ListItem\",\"position\":2,\"name\":\"Contacte\"}]},{\"@type\":\"WebSite\",\"@id\":\"https:\/\/nil4web.com\/#website\",\"url\":\"https:\/\/nil4web.com\/\",\"name\":\"NIL4WEB\",\"description\":\"Creare site-uri web personalizate\",\"publisher\":{\"@id\":\"https:\/\/nil4web.com\/#organization\"},\"potentialAction\":[{\"@type\":\"SearchAction\",\"target\":{\"@type\":\"EntryPoint\",\"urlTemplate\":\"https:\/\/nil4web.com\/?s={search_term_string}\"},\"query-input\":{\"@type\":\"PropertyValueSpecification\",\"valueRequired\":true,\"valueName\":\"search_term_string\"}}],\"inLanguage\":\"ru-RU\"},{\"@type\":\"Organization\",\"@id\":\"https:\/\/nil4web.com\/#organization\",\"name\":\"NIL4WEB\",\"url\":\"https:\/\/nil4web.com\/\",\"logo\":{\"@type\":\"ImageObject\",\"inLanguage\":\"ru-RU\",\"@id\":\"https:\/\/nil4web.com\/#\/schema\/logo\/image\/\",\"url\":\"https:\/\/nil4web.com\/wp-content\/uploads\/2025\/09\/Logo-NL-4.jpg\",\"contentUrl\":\"https:\/\/nil4web.com\/wp-content\/uploads\/2025\/09\/Logo-NL-4.jpg\",\"width\":1200,\"height\":1200,\"caption\":\"NIL4WEB\"},\"image\":{\"@id\":\"https:\/\/nil4web.com\/#\/schema\/logo\/image\/\"},\"sameAs\":[\"https:\/\/www.facebook.com\/nil4web\",\"https:\/\/instagram.com\/nil4web\",\"https:\/\/www.tiktok.com\/@nil4web\"]}]}<\/script>\n<!-- \/ Yoast SEO plugin. -->","yoast_head_json":{"title":"NIL4WEB - Creare site web personalizat pentru afacerea ta - Contacte","description":"Vrei s\u0103-\u021bi prezin\u021bi serviciile mai bine \u0219i s\u0103 atragi mai mul\u021bi clien\u021bi? Noi construim pentru tine un site modern, optimizat \u0219i gata s\u0103 v\u00e2nd\u0103.","robots":{"index":"index","follow":"follow","max-snippet":"max-snippet:-1","max-image-preview":"max-image-preview:large","max-video-preview":"max-video-preview:-1"},"canonical":"https:\/\/nil4web.com\/ru\/contacte\/","og_locale":"ru_RU","og_type":"article","og_title":"NIL4WEB - Creare site web personalizat pentru afacerea ta","og_description":"Vrei s\u0103-\u021bi prezin\u021bi serviciile mai bine \u0219i s\u0103 atragi mai mul\u021bi clien\u021bi? Noi construim pentru tine un site modern, optimizat \u0219i gata s\u0103 v\u00e2nd\u0103.","og_url":"https:\/\/nil4web.com\/ru\/contacte\/","og_site_name":"NIL4WEB","article_publisher":"https:\/\/www.facebook.com\/nil4web","article_modified_time":"2025-10-17T08:10:39+00:00","og_image":[{"width":1200,"height":1200,"url":"https:\/\/nil4web.com\/wp-content\/uploads\/2025\/09\/Logo-NL-4.jpg","type":"image\/jpeg"}],"twitter_card":"summary_large_image","twitter_misc":{"\u041f\u0440\u0438\u043c\u0435\u0440\u043d\u043e\u0435 \u0432\u0440\u0435\u043c\u044f \u0434\u043b\u044f \u0447\u0442\u0435\u043d\u0438\u044f":"1 \u043c\u0438\u043d\u0443\u0442\u0430"},"schema":{"@context":"https:\/\/schema.org","@graph":[{"@type":"WebPage","@id":"https:\/\/nil4web.com\/contacte\/","url":"https:\/\/nil4web.com\/contacte\/","name":"NIL4WEB - Creare site web personalizat pentru afacerea ta - Contacte","isPartOf":{"@id":"https:\/\/nil4web.com\/#website"},"primaryImageOfPage":{"@id":"https:\/\/nil4web.com\/contacte\/#primaryimage"},"image":{"@id":"https:\/\/nil4web.com\/contacte\/#primaryimage"},"thumbnailUrl":"https:\/\/nil4web.com\/wp-content\/uploads\/2025\/09\/Logo-NL-4.jpg","datePublished":"2025-09-26T01:05:16+00:00","dateModified":"2025-10-17T08:10:39+00:00","description":"Vrei s\u0103-\u021bi prezin\u021bi serviciile mai bine \u0219i s\u0103 atragi mai mul\u021bi clien\u021bi? Noi construim pentru tine un site modern, optimizat \u0219i gata s\u0103 v\u00e2nd\u0103.","breadcrumb":{"@id":"https:\/\/nil4web.com\/contacte\/#breadcrumb"},"inLanguage":"ru-RU","potentialAction":[{"@type":"ReadAction","target":["https:\/\/nil4web.com\/contacte\/"]}]},{"@type":"ImageObject","inLanguage":"ru-RU","@id":"https:\/\/nil4web.com\/contacte\/#primaryimage","url":"https:\/\/nil4web.com\/wp-content\/uploads\/2025\/09\/Logo-NL-4.jpg","contentUrl":"https:\/\/nil4web.com\/wp-content\/uploads\/2025\/09\/Logo-NL-4.jpg","width":1200,"height":1200},{"@type":"BreadcrumbList","@id":"https:\/\/nil4web.com\/contacte\/#breadcrumb","itemListElement":[{"@type":"ListItem","position":1,"name":"Home","item":"https:\/\/nil4web.com\/"},{"@type":"ListItem","position":2,"name":"Contacte"}]},{"@type":"WebSite","@id":"https:\/\/nil4web.com\/#website","url":"https:\/\/nil4web.com\/","name":"NIL4WEB","description":"\u0421\u043e\u0437\u0434\u0430\u043d\u0438\u0435 \u0438\u043d\u0434\u0438\u0432\u0438\u0434\u0443\u0430\u043b\u044c\u043d\u044b\u0445 \u0432\u0435\u0431-\u0441\u0430\u0439\u0442\u043e\u0432","publisher":{"@id":"https:\/\/nil4web.com\/#organization"},"potentialAction":[{"@type":"SearchAction","target":{"@type":"EntryPoint","urlTemplate":"https:\/\/nil4web.com\/?s={search_term_string}"},"query-input":{"@type":"PropertyValueSpecification","valueRequired":true,"valueName":"search_term_string"}}],"inLanguage":"ru-RU"},{"@type":"Organization","@id":"https:\/\/nil4web.com\/#organization","name":"NIL4WEB","url":"https:\/\/nil4web.com\/","logo":{"@type":"ImageObject","inLanguage":"ru-RU","@id":"https:\/\/nil4web.com\/#\/schema\/logo\/image\/","url":"https:\/\/nil4web.com\/wp-content\/uploads\/2025\/09\/Logo-NL-4.jpg","contentUrl":"https:\/\/nil4web.com\/wp-content\/uploads\/2025\/09\/Logo-NL-4.jpg","width":1200,"height":1200,"caption":"NIL4WEB"},"image":{"@id":"https:\/\/nil4web.com\/#\/schema\/logo\/image\/"},"sameAs":["https:\/\/www.facebook.com\/nil4web","https:\/\/instagram.com\/nil4web","https:\/\/www.tiktok.com\/@nil4web"]}]}},"_links":{"self":[{"href":"https:\/\/nil4web.com\/ru\/wp-json\/wp\/v2\/pages\/5368","targetHints":{"allow":["GET"]}}],"collection":[{"href":"https:\/\/nil4web.com\/ru\/wp-json\/wp\/v2\/pages"}],"about":[{"href":"https:\/\/nil4web.com\/ru\/wp-json\/wp\/v2\/types\/page"}],"author":[{"embeddable":true,"href":"https:\/\/nil4web.com\/ru\/wp-json\/wp\/v2\/users\/2"}],"replies":[{"embeddable":true,"href":"https:\/\/nil4web.com\/ru\/wp-json\/wp\/v2\/comments?post=5368"}],"version-history":[{"count":41,"href":"https:\/\/nil4web.com\/ru\/wp-json\/wp\/v2\/pages\/5368\/revisions"}],"predecessor-version":[{"id":6175,"href":"https:\/\/nil4web.com\/ru\/wp-json\/wp\/v2\/pages\/5368\/revisions\/6175"}],"wp:featuredmedia":[{"embeddable":true,"href":"https:\/\/nil4web.com\/ru\/wp-json\/wp\/v2\/media\/5356"}],"wp:attachment":[{"href":"https:\/\/nil4web.com\/ru\/wp-json\/wp\/v2\/media?parent=5368"}],"curies":[{"name":"wp","href":"https:\/\/api.w.org\/{rel}","templated":true}]}}